{"id":1511,"date":"2021-09-20T13:46:51","date_gmt":"2021-09-20T13:46:51","guid":{"rendered":"https:\/\/bloomtherapie.nl\/?page_id=1511"},"modified":"2021-09-20T13:47:09","modified_gmt":"2021-09-20T13:47:09","slug":"algemene-voorwaarden","status":"publish","type":"page","link":"https:\/\/bloomtherapie.nl\/index.php\/home\/algemene-voorwaarden\/","title":{"rendered":"Algemene voorwaarden"},"content":{"rendered":"<h4>In mijn praktijk Bloom, werk ik principieel vanuit wederzijds vertrouwen. Want dat is naar mijn mening de basis voor succesvolle therapie. Daarmee lijkt het hebben van algemene voorwaarden tegenstrijdig.<br \/>\nEchter is het als bedrijf verplicht om algemene voorwaarden inzichtelijk te hebben voor cli\u00ebnten\/klanten.<\/h4>\n<p><strong>\u00a0<\/strong><strong>Artikel 1. Definities<\/strong><\/p>\n<ol>\n<li>Bloom is een eenmanszaak, gevestigd te Someren Eind, aan de Novaliastraat 37.<br \/>\nBloom gebruikt deze algemene voorwaarden voor het aanbieden van haar diensten.<\/li>\n<\/ol>\n<p>\u2013 opdrachtgever: de persoon, onderneming of instantie die de overeenkomst schriftelijk is aangegaan (of mondeling\/schriftelijk heeft aangevraagd) tot het laten verrichten van diensten door Bloom.<br \/>\n\u2013 diensten: alle door Bloom van de opdrachtgever geleverde producten en diensten waaronder coaching, training, therapie en andere vormen van begeleiding, dan wel advisering, alles in de ruimste zin van het woord, alsmede alle andere ten behoeve van de opdrachtgever verrichte werkzaamheden van welke aard dan ook, uitgevoerd in het kader van een opdracht, waaronder begrepen werkzaamheden die niet op uitdrukkelijk verzoek van opdrachtgever zijn verricht.<br \/>\n\u2013 cli\u00ebnt: degene die deelneemt aan een begeleidings-, therapeutisch- of coaching traject, dat laatste als hij niet zelf de opdrachtgever is.<br \/>\n\u2013 partijen: iedere (rechts)persoon of organisatie die met Bloom een overeenkomst is aangegaan, waaronder opdrachtgever en cli\u00ebnt.<\/p>\n<p><strong>Artikel 2. Toepasselijkheid van deze voorwaarden<\/strong><\/p>\n<ol>\n<li>Deze algemene voorwaarden zijn van toepassing op alle aanbiedingen, offertes en overeenkomsten waarbij Bloom diensten aanbiedt of levert. Van deze voorwaarden kan slechts geldig worden afgeweken indien dit uitdrukkelijk en schriftelijk is overeengekomen.<br \/>\n2. Niet alleen Bloom, maar ook alle personen of ondernemingen die bij de uitvoering van enige opdracht voor de opdrachtgever zijn betrokken, kunnen op deze algemene voorwaarden een beroep doen.<br \/>\n3. Deze algemene voorwaarden zijn ook van toepassing op aanvullende opdrachten en vervolgopdrachten van de opdrachtgever.<br \/>\n4. Eventuele inkoop- of andere algemene voorwaarden van de opdrachtgever zijn niet van toepassing, tenzij deze door Bloom uitdrukkelijk schriftelijk zijn aanvaard.<\/li>\n<\/ol>\n<p><strong>\u00a0<\/strong><strong>Artikel 3. Uitvoering van de overeenkomst<\/strong><\/p>\n<ol>\n<li>Met Bloom gesloten overeenkomsten leiden voor opdrachtnemer tot een inspanningsverplichting, niet tot een resultaatsverplichting, waarbij Bloom gehouden is zijn verplichtingen zodanig na te komen, als naar normen van zorgvuldigheid en vakmanschap naar de maatstaven van het moment van nakomen door Bloom verlangd kan worden.<br \/>\n2. De cli\u00ebnt draagt er zorg voor dat de behandelovereenkomst en cli\u00ebntgegevens uiterlijk na de eerste sessie aan Bloom worden verstrekt. Indien deze niet tijdig aan Bloom zijn verstrekt, heeft Bloom het recht de uitvoering van de overeenkomst op te schorten en\/of de uit de vertraging voortvloeiende extra kosten volgens de gebruikelijke tarieven aan de opdrachtgever in rekening te brengen.<br \/>\n3. Bloom behoudt zich het recht om opdrachtgevers en\/of cli\u00ebnten te weigeren en zal, indien zulks het geval is, de reden opgeven.<br \/>\n4. Bloom is niet aansprakelijk voor schade, van welke aard ook, doordat Bloom is uit gegaan van door de opdrachtgever en\/of cli\u00ebnt verstrekte onjuiste en\/of onvolledige gegevens, tenzij deze onjuistheid of onvolledigheid voor Bloom kenbaar behoorde te zijn.<br \/>\n5. Indien de behandelovereenkomst om welke reden dan ook niet is ondertekend, is deze toch bindend voor beide partijen, zodra er een afspraak is gemaakt voor een consult, anders dan een kennismakingsgesprek.<\/li>\n<\/ol>\n<p><strong>\u00a0<\/strong><strong>Artikel 4. Contractduur en opzegging<\/strong><\/p>\n<ol>\n<li>De overeenkomst tussen Bloom en opdrachtgever kan door beide partijen op ieder willekeurig moment, met inachtneming van artikel 5 en 6, en zonder opgaaf van redenen worden opgezegd, tenzij anders schriftelijk is overeengekomen.<\/li>\n<\/ol>\n<p><strong>\u00a0<\/strong><strong>Artikel 5. Annulering<\/strong><\/p>\n<ol>\n<li>In geval de opdrachtgever dan wel de door de opdrachtgever aangewezen cli\u00ebnt na aanvang van de therapie, begeleidings- of coaching traject de deelname tussentijds be\u00ebindigt of daaraan anderszins niet deelneemt, heeft de opdrachtgever geen recht op enige terugbetaling, tenzij de bijzondere omstandigheden van het geval, naar het oordeel van Bloom, anders rechtvaardigen.<br \/>\n2. Gemaakte afspraken kunnen tot 24 uur voor de sessie kosteloos worden afgezegd c.q. verplaatst door de cli\u00ebnt, diens vertegenwoordiger of de opdrachtgever. In geval van een afspraak op de maandag geldt een annuleringstermijn van uiterlijk vrijdag tot 18.00 uur voorafgaand aan de afspraak. Bij afzegging c.q. verplaatsing binnen 24 uur is Bloom gerechtigd om het volledige tarief dat is afgesproken voor de afgesproken dienstverlening in rekening te brengen. Indien de opdrachtgever dan wel de cli\u00ebnt niet op het geplande gesprek verschijnt, worden dezelfde tarieven gehanteerd.<br \/>\n3. In geval van overlijden van bloed- of aanverwanten, bestaat de gelegenheid tot 2 uur voor de behandeling kosteloos te annuleren. In geval van afmelding door ziekte tot 2 uur voor de behandeling is Bloom gerechtigd 20 euro in rekening te brengen. In geval van bedrog of misleiding worden de kosten alsnog volledig in rekening gebracht.<br \/>\n4. Bloom behandelt geen cli\u00ebnten die onder invloed staan van alcoholhoudende dranken of geest be\u00efnvloedende middelen (met uitzondering van middelen op voorschrift van een arts). Indien een cli\u00ebnt bij aanvang van de sessie of training, onder invloed lijkt te zijn van bovengenoemde middelen, heeft Bloom het recht de sessie te annuleren en worden de kosten volledig in rekening gebracht.<\/li>\n<\/ol>\n<p><strong>Artikel 6. Betaling en incasso<\/strong><\/p>\n<ol>\n<li>Opdrachtgever is te allen tijde gehouden elke factuur van Bloom binnen 15 dagen na dagtekening te voldoen, tenzij schriftelijk anders is overeengekomen. Betaling zal plaatsvinden zonder aftrek, compensatie of opschorting uit welke hoofde dan ook.<br \/>\n2. Indien de opdrachtgever de verschuldigde bedragen niet binnen de in lid 1 gestelde termijn heeft betaald, is de opdrachtgever zonder nadere aankondiging of ingebrekestelling in verzuim. De door opdrachtgever verschuldigde rente over de hoofdsom vanaf de datum van verzuim tot aan de dag der algehele voldoening bedraagt 0,9% per maand of een gedeelte daarvan.<br \/>\n3. Indien na een tweede termijn van 15 dagen betaling uitblijft, is Bloom gerechtigd de vordering wegens niet-betaling van een of meer niet betaalde facturen langs gerechtelijke weg te incasseren. Alle (buiten)gerechtelijke incassokosten welke gemaakt zijn ter verkrijging van de voldoening van de declaratie in dan wel buiten rechte komen voor rekening van opdrachtgever.<br \/>\n4. Bij achterstallige betaling van maximaal drie sessies zal de therapie worden gestopt tot aan de betaling is voldaan.<\/li>\n<\/ol>\n<p><strong>Artikel 7. Aansprakelijkheid<\/strong><\/p>\n<ol>\n<li>Bloom aanvaardt geen enkele aansprakelijkheid, hoe dan ook, voor schade ontstaan door of in verband met door Bloom verrichte diensten, tenzij de opdrachtgever aantoont dat de schade is veroorzaakt door opzet of grove schuld van Bloom.<br \/>\n2. De cli\u00ebnt is voor, tijdens en na de behandeling volledig verantwoordelijk voor zijn\/haar psychosociaal handelen en welzijn. Indien er sprake is van ernstig risico gedrag waarbij cli\u00ebnt of diens omgeving gevaar loopt behoudt Bloom het recht de therapie te be\u00ebindigen in verband met te weinig expertise\/behandelmogelijkheden. (su\u00efcidaal gedrag, automutilatie en agressie of acting out gedrag kunnen hier onder vallen)<br \/>\n3. Elke aansprakelijkheid van Bloom voor bedrijfsschade of andere (in)directe schade of gevolgschade, van welke aard dan ook, is nadrukkelijk uitgesloten.<br \/>\n4. Schade veroorzaakt door de cli\u00ebnt aan interieur, meubilair of kleding kan volledig op cli\u00ebnt of zijn\/haar wettelijke vertegenwoordigers worden verhaald.<\/li>\n<\/ol>\n<p><strong>\u00a0<\/strong><strong>Artikel 8. Intellectuele eigendom<\/strong><\/p>\n<ol>\n<li>Opdrachtgever en\/of cli\u00ebnt past interventies waarvan zij hebben kennisgenomen, onder geen beding toe op anderen. Oefeningen die aan de cli\u00ebnt zijn aangeleerd, worden uitsluitend door zichzelf gehanteerd en mogen onder geen<\/li>\n<\/ol>\n<p>voorwaarde aan derden worden aangeleerd of overgedragen. Ook het ter beschikking gestelde materiaal dient alleen door de cli\u00ebnt gebruikt te worden en mag onder geen beding gedupliceerd of verspreid worden onder derden.<br \/>\n2. Alleen na nadrukkelijke en schriftelijke toestemming van Bloom kan van de in lid 1 benoemde voorwaarden worden afgeweken.<\/p>\n<p><strong>\u00a0<\/strong><\/p>\n<p><strong>Artikel 9. Persoonsgegevens en privacy<\/strong><\/p>\n<ol>\n<li>Er zal door Bloom een dossier worden aangelegd. Het dossier van een cli\u00ebnt bevat aantekeningen over de toestand en gegevens over de uitgevoerde behandelingen. Alleen na expliciete toestemming van cli\u00ebnt zullen gegevens worden opgevraagd bij een andere zorgverlener en opgenomen worden in het dossier. Bloom registreert de NAW-gegevens van haar cli\u00ebnten en de behandelingsgegevens in een dossier (digitaal en\/of papier).<br \/>\n2. Bloom doet haar uiterste best om uw privacy te waarborgen. Dit betekent onder meer dat Bloom zorgvuldig omgaat met uw persoonlijke en medische gegevens en zorgt dat onbevoegden geen toegang hebben tot uw gegevens. Alleen uw behandelende therapeut heeft toegang tot de gegevens in uw dossier. Ondanks dat de behandelaar geen wettelijke geheimhoudingsplicht (beroepsgeheim) heeft, zal alle door cli\u00ebnt verstrekte informatie wel als dusdanig behandelt worden. De enige uitzondering hierop is wanneer er sprake is van feiten die volgens de Nederlandse wet strafbaar zijn. In dit geval is behandelaar verplicht om dit te melden bij de autoriteiten.<br \/>\nDe gegevens uit het dossier van de cli\u00ebnt kunnen, met expliciete toestemming van de cli\u00ebnt, gebruikt worden om andere zorgverleners te informeren of voor het gebruik tijdens waarneming. De gegevens uit het dossier van de cli\u00ebnt kunnen, na anonimiseren, gebruikt worden tijdens intercollegiale toetsing. Een andere reden van gebruik van uw gegevens kan alleen na expliciete toestemming van de cli\u00ebnt.<br \/>\n3. Indien cli\u00ebnt niet de opdrachtgever is worden alleen gegevens die noodzakelijk zijn voor facturatie gedeeld met de opdrachtgever. Overige informatie uit het dossier wordt alleen na expliciete toestemming van de cli\u00ebnt gedeeld met de opdrachtgever.<br \/>\n4. Op facturen worden door Bloom of de administrateur alleen gegevens die noodzakelijk zijn voor declaratie vermeld: naam, adres en woonplaats, geboortedatum, datum van de behandeling, een korte omschrijving van de behandeling (zoals bijvoorbeeld consult coaching) en de kosten van het consult.<br \/>\n5. Het cli\u00ebntendossier blijft 15 jaar bewaard (papier en\/of digitaal). Na 15 jaar (eerder alleen op expliciet, schriftelijk, verzoek van de cli\u00ebnt) zal het dossier worden vernietigd.<br \/>\n6. Door het aangaan van een overeenkomst met Bloom wordt aan Bloom, conform lid 1 t\/m5, toestemming verleend voor bewerking van de uit de overeenkomst verkregen persoonsgegevens.<br \/>\n7. In het geval van dreigend gevaar voor de clie\u0308nt en\/of voor de samenleving of bepaalde personen behoudt Bloom zich het recht toe relevante informatie te verstrekken aan bevoegde personen of instanties als hiermee het gevaar kan worden voorkomen.<\/li>\n<\/ol>\n<p><strong>\u00a0<\/strong><\/p>\n<p><strong>Artikel 10. Klachten en geschillen<\/strong><\/p>\n<ol>\n<li>Bij een klacht dient de cli\u00ebnt en\/of opdrachtgever in eerste instantie contact op te nemen met Bloom. Indien dat onvoldoende resultaat oplevert is het mogelijk dat de cli\u00ebnt en\/of opdrachtgever andere stappen onderneemt.<\/li>\n<\/ol>\n","protected":false},"excerpt":{"rendered":"<p>In mijn praktijk Bloom, werk ik principieel vanuit wederzijds vertrouwen. Want dat is naar mijn mening de basis voor succesvolle therapie. Daarmee lijkt het hebben van algemene voorwaarden tegenstrijdig. Echter &#8230;<\/p>\n","protected":false},"author":1,"featured_media":0,"parent":1367,"menu_order":0,"comment_status":"closed","ping_status":"closed","template":"","meta":[],"yoast_head":"<!-- This site is optimized with the Yoast SEO plugin v17.1 - https:\/\/yoast.com\/wordpress\/plugins\/seo\/ -->\n<title>Algemene voorwaarden - Bloom Therapie- Coaching - Training<\/title>\n<meta name=\"robots\" content=\"index, follow, max-snippet:-1, max-image-preview:large, max-video-preview:-1\" \/>\n<link rel=\"canonical\" href=\"https:\/\/bloomtherapie.nl\/index.php\/home\/algemene-voorwaarden\/\" \/>\n<meta property=\"og:locale\" content=\"nl_NL\" \/>\n<meta property=\"og:type\" content=\"article\" \/>\n<meta property=\"og:title\" content=\"Algemene voorwaarden - Bloom Therapie- Coaching - Training\" \/>\n<meta property=\"og:description\" content=\"In mijn praktijk Bloom, werk ik principieel vanuit wederzijds vertrouwen. Want dat is naar mijn mening de basis voor succesvolle therapie. Daarmee lijkt het hebben van algemene voorwaarden tegenstrijdig. Echter ...\" \/>\n<meta property=\"og:url\" content=\"https:\/\/bloomtherapie.nl\/index.php\/home\/algemene-voorwaarden\/\" \/>\n<meta property=\"og:site_name\" content=\"Bloom Therapie- Coaching - Training\" \/>\n<meta property=\"article:modified_time\" content=\"2021-09-20T13:47:09+00:00\" \/>\n<meta name=\"twitter:card\" content=\"summary_large_image\" \/>\n<meta name=\"twitter:label1\" content=\"Geschatte leestijd\" \/>\n\t<meta name=\"twitter:data1\" content=\"8 minuten\" \/>\n<script type=\"application\/ld+json\" class=\"yoast-schema-graph\">{\"@context\":\"https:\/\/schema.org\",\"@graph\":[{\"@type\":\"WebSite\",\"@id\":\"https:\/\/bloomtherapie.nl\/#website\",\"url\":\"https:\/\/bloomtherapie.nl\/\",\"name\":\"Bloom Therapie- Coaching - Training\",\"description\":\"\",\"potentialAction\":[{\"@type\":\"SearchAction\",\"target\":{\"@type\":\"EntryPoint\",\"urlTemplate\":\"https:\/\/bloomtherapie.nl\/?s={search_term_string}\"},\"query-input\":\"required name=search_term_string\"}],\"inLanguage\":\"nl\"},{\"@type\":\"WebPage\",\"@id\":\"https:\/\/bloomtherapie.nl\/index.php\/home\/algemene-voorwaarden\/#webpage\",\"url\":\"https:\/\/bloomtherapie.nl\/index.php\/home\/algemene-voorwaarden\/\",\"name\":\"Algemene voorwaarden - Bloom Therapie- Coaching - Training\",\"isPartOf\":{\"@id\":\"https:\/\/bloomtherapie.nl\/#website\"},\"datePublished\":\"2021-09-20T13:46:51+00:00\",\"dateModified\":\"2021-09-20T13:47:09+00:00\",\"breadcrumb\":{\"@id\":\"https:\/\/bloomtherapie.nl\/index.php\/home\/algemene-voorwaarden\/#breadcrumb\"},\"inLanguage\":\"nl\",\"potentialAction\":[{\"@type\":\"ReadAction\",\"target\":[\"https:\/\/bloomtherapie.nl\/index.php\/home\/algemene-voorwaarden\/\"]}]},{\"@type\":\"BreadcrumbList\",\"@id\":\"https:\/\/bloomtherapie.nl\/index.php\/home\/algemene-voorwaarden\/#breadcrumb\",\"itemListElement\":[{\"@type\":\"ListItem\",\"position\":1,\"name\":\"Home\",\"item\":\"https:\/\/bloomtherapie.nl\/\"},{\"@type\":\"ListItem\",\"position\":2,\"name\":\"Home\",\"item\":\"https:\/\/bloomtherapie.nl\/\"},{\"@type\":\"ListItem\",\"position\":3,\"name\":\"Algemene voorwaarden\"}]}]}<\/script>\n<!-- \/ Yoast SEO plugin. -->","yoast_head_json":{"title":"Algemene voorwaarden - Bloom Therapie- Coaching - Training","robots":{"index":"index","follow":"follow","max-snippet":"max-snippet:-1","max-image-preview":"max-image-preview:large","max-video-preview":"max-video-preview:-1"},"canonical":"https:\/\/bloomtherapie.nl\/index.php\/home\/algemene-voorwaarden\/","og_locale":"nl_NL","og_type":"article","og_title":"Algemene voorwaarden - Bloom Therapie- Coaching - Training","og_description":"In mijn praktijk Bloom, werk ik principieel vanuit wederzijds vertrouwen. Want dat is naar mijn mening de basis voor succesvolle therapie. Daarmee lijkt het hebben van algemene voorwaarden tegenstrijdig. Echter ...","og_url":"https:\/\/bloomtherapie.nl\/index.php\/home\/algemene-voorwaarden\/","og_site_name":"Bloom Therapie- Coaching - Training","article_modified_time":"2021-09-20T13:47:09+00:00","twitter_card":"summary_large_image","twitter_misc":{"Geschatte leestijd":"8 minuten"},"schema":{"@context":"https:\/\/schema.org","@graph":[{"@type":"WebSite","@id":"https:\/\/bloomtherapie.nl\/#website","url":"https:\/\/bloomtherapie.nl\/","name":"Bloom Therapie- Coaching - Training","description":"","potentialAction":[{"@type":"SearchAction","target":{"@type":"EntryPoint","urlTemplate":"https:\/\/bloomtherapie.nl\/?s={search_term_string}"},"query-input":"required name=search_term_string"}],"inLanguage":"nl"},{"@type":"WebPage","@id":"https:\/\/bloomtherapie.nl\/index.php\/home\/algemene-voorwaarden\/#webpage","url":"https:\/\/bloomtherapie.nl\/index.php\/home\/algemene-voorwaarden\/","name":"Algemene voorwaarden - Bloom Therapie- Coaching - Training","isPartOf":{"@id":"https:\/\/bloomtherapie.nl\/#website"},"datePublished":"2021-09-20T13:46:51+00:00","dateModified":"2021-09-20T13:47:09+00:00","breadcrumb":{"@id":"https:\/\/bloomtherapie.nl\/index.php\/home\/algemene-voorwaarden\/#breadcrumb"},"inLanguage":"nl","potentialAction":[{"@type":"ReadAction","target":["https:\/\/bloomtherapie.nl\/index.php\/home\/algemene-voorwaarden\/"]}]},{"@type":"BreadcrumbList","@id":"https:\/\/bloomtherapie.nl\/index.php\/home\/algemene-voorwaarden\/#breadcrumb","itemListElement":[{"@type":"ListItem","position":1,"name":"Home","item":"https:\/\/bloomtherapie.nl\/"},{"@type":"ListItem","position":2,"name":"Home","item":"https:\/\/bloomtherapie.nl\/"},{"@type":"ListItem","position":3,"name":"Algemene voorwaarden"}]}]}},"_links":{"self":[{"href":"https:\/\/bloomtherapie.nl\/index.php\/wp-json\/wp\/v2\/pages\/1511"}],"collection":[{"href":"https:\/\/bloomtherapie.nl\/index.php\/wp-json\/wp\/v2\/pages"}],"about":[{"href":"https:\/\/bloomtherapie.nl\/index.php\/wp-json\/wp\/v2\/types\/page"}],"author":[{"embeddable":true,"href":"https:\/\/bloomtherapie.nl\/index.php\/wp-json\/wp\/v2\/users\/1"}],"replies":[{"embeddable":true,"href":"https:\/\/bloomtherapie.nl\/index.php\/wp-json\/wp\/v2\/comments?post=1511"}],"version-history":[{"count":1,"href":"https:\/\/bloomtherapie.nl\/index.php\/wp-json\/wp\/v2\/pages\/1511\/revisions"}],"predecessor-version":[{"id":1512,"href":"https:\/\/bloomtherapie.nl\/index.php\/wp-json\/wp\/v2\/pages\/1511\/revisions\/1512"}],"up":[{"embeddable":true,"href":"https:\/\/bloomtherapie.nl\/index.php\/wp-json\/wp\/v2\/pages\/1367"}],"wp:attachment":[{"href":"https:\/\/bloomtherapie.nl\/index.php\/wp-json\/wp\/v2\/media?parent=1511"}],"curies":[{"name":"wp","href":"https:\/\/api.w.org\/{rel}","templated":true}]}}